{"id":134,"date":"2025-12-15T11:57:54","date_gmt":"2025-12-15T10:57:54","guid":{"rendered":"https:\/\/barberaz2026.fr\/?page_id=134"},"modified":"2026-01-15T16:07:23","modified_gmt":"2026-01-15T15:07:23","slug":"comite-de-soutien","status":"publish","type":"page","link":"https:\/\/www.barberaz2026.fr\/?page_id=134","title":{"rendered":"Comit\u00e9 de soutien"},"content":{"rendered":"\n<figure class=\"wp-block-image size-large\"><a href=\"https:\/\/framaforms.org\/comite-de-soutien-a-la-liste-barberaz-en-commun-1768295722\"><img loading=\"lazy\" decoding=\"async\" width=\"1024\" height=\"379\" src=\"https:\/\/barberaz2026.fr\/wp-content\/uploads\/2026\/01\/Comite-de-soutien1-1024x379.png\" alt=\"\" class=\"wp-image-251\" srcset=\"https:\/\/www.barberaz2026.fr\/wp-content\/uploads\/2026\/01\/Comite-de-soutien1-1024x379.png 1024w, https:\/\/www.barberaz2026.fr\/wp-content\/uploads\/2026\/01\/Comite-de-soutien1-300x111.png 300w, https:\/\/www.barberaz2026.fr\/wp-content\/uploads\/2026\/01\/Comite-de-soutien1-768x284.png 768w, https:\/\/www.barberaz2026.fr\/wp-content\/uploads\/2026\/01\/Comite-de-soutien1-1536x569.png 1536w, https:\/\/www.barberaz2026.fr\/wp-content\/uploads\/2026\/01\/Comite-de-soutien1-2048x758.png 2048w\" sizes=\"auto, (max-width: 1024px) 100vw, 1024px\" \/><\/a><\/figure>\n\n\n\n<p class=\"has-text-align-center\">Pour rejoindre notre comit\u00e9 de soutien, des habitantes et habitants qui ne souhaitent pas (ou ne peuvent pas) \u00eatre \u00e9lus mais qui se reconnaissent dans notre d\u00e9marche, <\/p>\n\n\n\n<p class=\"has-text-align-center\"><a href=\"https:\/\/framaforms.org\/comite-de-soutien-a-la-liste-barberaz-en-commun-1768295722\" data-type=\"link\" data-id=\"https:\/\/framaforms.org\/comite-de-soutien-a-la-liste-barberaz-en-commun-1768295722\"><strong>identifiez-vous ici<\/strong><\/a> !<\/p>\n","protected":false},"excerpt":{"rendered":"<p>Pour rejoindre notre comit\u00e9 de soutien, des habitantes et habitants qui ne souhaitent pas (ou ne peuvent pas) \u00eatre \u00e9lus mais qui se reconnaissent dans notre d\u00e9marche, identifiez-vous ici !<\/p>\n","protected":false},"author":1,"featured_media":0,"parent":0,"menu_order":0,"comment_status":"closed","ping_status":"closed","template":"","meta":{"footnotes":""},"class_list":["post-134","page","type-page","status-publish","hentry"],"_links":{"self":[{"href":"https:\/\/www.barberaz2026.fr\/index.php?rest_route=\/wp\/v2\/pages\/134","targetHints":{"allow":["GET"]}}],"collection":[{"href":"https:\/\/www.barberaz2026.fr\/index.php?rest_route=\/wp\/v2\/pages"}],"about":[{"href":"https:\/\/www.barberaz2026.fr\/index.php?rest_route=\/wp\/v2\/types\/page"}],"author":[{"embeddable":true,"href":"https:\/\/www.barberaz2026.fr\/index.php?rest_route=\/wp\/v2\/users\/1"}],"replies":[{"embeddable":true,"href":"https:\/\/www.barberaz2026.fr\/index.php?rest_route=%2Fwp%2Fv2%2Fcomments&post=134"}],"version-history":[{"count":11,"href":"https:\/\/www.barberaz2026.fr\/index.php?rest_route=\/wp\/v2\/pages\/134\/revisions"}],"predecessor-version":[{"id":257,"href":"https:\/\/www.barberaz2026.fr\/index.php?rest_route=\/wp\/v2\/pages\/134\/revisions\/257"}],"wp:attachment":[{"href":"https:\/\/www.barberaz2026.fr\/index.php?rest_route=%2Fwp%2Fv2%2Fmedia&parent=134"}],"curies":[{"name":"wp","href":"https:\/\/api.w.org\/{rel}","templated":true}]}}